{"id":3,"date":"2023-05-15T07:41:40","date_gmt":"2023-05-15T07:41:40","guid":{"rendered":"https:\/\/pea.principiadv.online\/?page_id=3"},"modified":"2023-05-29T15:49:16","modified_gmt":"2023-05-29T15:49:16","slug":"privacy-policy","status":"publish","type":"page","link":"https:\/\/www.play-around.it\/it\/privacy-policy\/","title":{"rendered":"Privacy Policy"},"content":{"rendered":"[vc_row type=&#8221;in_container&#8221; full_screen_row_position=&#8221;middle&#8221; column_margin=&#8221;default&#8221; column_direction=&#8221;default&#8221; column_direction_tablet=&#8221;default&#8221; column_direction_phone=&#8221;default&#8221; scene_position=&#8221;center&#8221; bottom_padding=&#8221;15%&#8221; text_color=&#8221;dark&#8221; text_align=&#8221;left&#8221; row_border_radius=&#8221;none&#8221; row_border_radius_applies=&#8221;bg&#8221; overflow=&#8221;visible&#8221; overlay_strength=&#8221;0.3&#8243; gradient_direction=&#8221;left_to_right&#8221; shape_divider_position=&#8221;bottom&#8221; bg_image_animation=&#8221;none&#8221; gradient_type=&#8221;default&#8221; shape_type=&#8221;&#8221;][vc_column column_padding=&#8221;no-extra-padding&#8221; column_padding_tablet=&#8221;inherit&#8221; column_padding_phone=&#8221;inherit&#8221; column_padding_position=&#8221;all&#8221; column_element_direction_desktop=&#8221;default&#8221; column_element_spacing=&#8221;default&#8221; desktop_text_alignment=&#8221;default&#8221; tablet_text_alignment=&#8221;default&#8221; phone_text_alignment=&#8221;default&#8221; background_color_opacity=&#8221;1&#8243; background_hover_color_opacity=&#8221;1&#8243; column_backdrop_filter=&#8221;none&#8221; column_shadow=&#8221;none&#8221; column_border_radius=&#8221;none&#8221; column_link_target=&#8221;_self&#8221; column_position=&#8221;default&#8221; gradient_direction=&#8221;left_to_right&#8221; overlay_strength=&#8221;0.3&#8243; width=&#8221;1\/1&#8243; tablet_width_inherit=&#8221;default&#8221; animation_type=&#8221;default&#8221; bg_image_animation=&#8221;none&#8221; border_type=&#8221;simple&#8221; column_border_width=&#8221;none&#8221; column_border_style=&#8221;solid&#8221;][vc_column_text]INFORMAZIONI COME STABILITO NEL QUADRO DI PROTEZIONE DEI DATI PERSONALI<\/p>\r\n\r\n<p>Play Around \u00a0S.r.l. (di seguito la &#8220;Societ\u00e0&#8221;) segnala quanto segue ai sensi dell&#8217;art.13, alla luce del paragrafo 30 del Regolamento (UE) 2016\/679 (di seguito &#8220;GDPR&#8221;) relativo alla protezione dei dati delle persone fisiche con riguardo al trattamento dei dati personali, al fine di illustrare le finalit\u00e0 e le modalit\u00e0 del trattamento dei dati personali eventualmente comunicati durante la consultazione del presente sito web (di seguito il &#8220;Sito&#8221;).<\/p>\r\n\r\n<p>Si precisa che la presente informativa si riferisce unicamente al Sito e non ai siti web gestiti da terzi, eventualmente raggiungibili dagli Utenti tramite link in esso contenuti.<\/p>\r\n\r\n<p>CATEGORIE DI DATI TRATTATI<\/p>\r\n\r\n<p><strong>Dati di navigazione<\/strong><\/p>\r\n\r\n<p>I sistemi informatici e le procedure software preposte al funzionamento del Sito acquisiscono, nel corso del loro normale esercizio, alcuni dati personali la cui trasmissione \u00e8 implicita nell&#8217;uso dei protocolli di comunicazione di Internet. Si tratta di informazioni che non sono raccolte per essere associate a interessati identificati; tuttavia, per loro stessa natura, potrebbe permettere di identificare gli utenti attraverso elaborazioni ed associazioni con dati detenuti da terzi. In questa categoria di dati rientrano, ad esempio, gli indirizzi IP o i nomi nominativi dei domini dei computer utilizzati dagli utenti che si connettono al Sito, gli indirizzi in notazione URI (Uniform Resource Identifier) delle risorse richieste, l&#8217;orario della richiesta, il metodo utilizzato nel sottoporre la richiesta al server, la dimensione del file ottenuto in risposta,\u00a0 il codice numerico indicante lo stato della risposta offerta dal server (buon fine, errore, ecc.) ed altri parametri relativi al sistema operativo e all&#8217;ambiente informatico degli utenti. Questi dati vengono utilizzati al solo fine di ricavare informazioni statistiche anonime sull&#8217;uso del Sito e al fine di controllarne il corretto funzionamento, e verranno immediatamente cancellati dopo l&#8217;elaborazione.<\/p>\r\n\r\n<p><strong>Dati forniti volontariamente dall&#8217;Utente<\/strong><\/p>\r\n\r\n<p>L&#8217;invio facoltativo, esplicito e volontario di dati personali attraverso il form presente nella pagina &#8220;contatti&#8221; o l&#8217;invio di posta elettronica agli indirizzi indicati sul Sito comporter\u00e0 la successiva acquisizione dell&#8217;indirizzo del mittente, necessario per rispondere alle richieste, nonch\u00e9 degli eventuali ulteriori dati personali eventualmente inseriti nella missiva. Inoltre, specifiche sintesi saranno fornite o visualizzate nelle pagine del Sito predisposte per particolari servizi eventualmente richiesti e, se necessario, saranno subordinate al consenso dell&#8217;interessato.<\/p>\r\n\r\n<p><strong>COOKIE<\/strong><\/p>\r\n\r\n<p>Per informazioni su come il Sito utilizza i cookie si prega di consultare l&#8217;informativa specifica.<\/p>\r\n\r\n<p>BASE GIURIDICA E FINALIT\u00c0 DEL TRATTAMENTO, NATURA DEL CONFERIMENTO DEI DATI E CONSEGUENZE IN CASO DI RIFIUTO<\/p>\r\n\r\n<p>La Societ\u00e0 tratter\u00e0 i dati degli utenti al fine di agevolare la navigazione e fornire i servizi eventualmente richiesti attraverso i moduli messi a disposizione appositamente nel Sito. A parte quanto specificato in relazione ai dati di navigazione e ai cookie tecnici, nell&#8217;ambito delle sezioni del Sito predisposte per particolari servizi a richiesta, l&#8217;utente sar\u00e0 libero di fornire i propri dati personali per le finalit\u00e0 descritte nelle rispettive informative, ma il loro mancato conferimento pu\u00f2 comportare l&#8217;impossibilit\u00e0 di ottenere il servizio richiesto.<\/p>\r\n\r\n<p>PERIODO DI CONSERVAZIONE DEI DATI<\/p>\r\n\r\n<p>I dati personali raccolti attraverso l&#8217;utilizzo del Sito sono trattati per il periodo strettamente necessario a conseguire gli scopi per cui sono stati raccolti, nonch\u00e9, al termine di esso, per il periodo eventualmente previsto dalla normativa vigente. Per maggiori dettagli si rimanda alle informative predisposte per particolari servizi.<\/p>\r\n\r\n<p>AMBITI DI COMUNICAZIONE DEI DATI E CATEGORIE DI DESTINATARI<\/p>\r\n\r\n<p>Esclusivamente per le finalit\u00e0 sopra specificate, tutti i dati raccolti e trattati potranno essere trasferiti a soggetti esterni autorizzati al trattamento di tali dati in ragione delle loro mansioni, nonch\u00e9 a soggetti esterni ai quali possa essere necessario trasferirli. Tali destinatari, laddove dovessero trattare i dati per conto della Societ\u00e0, saranno designati quali soggetti incaricati del trattamento con apposito contratto o altro atto giuridico.<\/p>\r\n\r\n<p>Per maggiori dettagli si rimanda alle informative predisposte per particolari servizi.<\/p>\r\n\r\n<p>TRASFERIMENTO DI DATI VERSO PAESI TERZI E\/O UN&#8217;ORGANIZZAZIONE INTERNAZIONALE<\/p>\r\n\r\n<p>I dati personali non saranno trasferiti verso Paesi Terzi non europei.<\/p>\r\n\r\n<p>TITOLARE DEL TRATTAMENTO<\/p>\r\n\r\n<p>Titolare del trattamento \u00e8 Play Around S.r.l., contattabile al seguente indirizzo e-mail: info@play-around.it<\/p>\r\n\r\n<p>DIRITTI DEGLI INTERESSATI<\/p>\r\n\r\n<p>Gli utenti hanno il diritto (ai sensi degli articoli 15-22 del GDPR) di chiedere alla Societ\u00e0 di accedere ai propri dati personali e di rettificarli se inesatti, cancellarli o limitarne il trattamento, se del caso. Inoltre, hanno il diritto di ottenere la portabilit\u00e0 dei dati forniti, solo se soggetti a procedure di trattamento automatizzato basate sull&#8217;approvazione o su un contratto. Gli Utenti hanno inoltre il diritto di revocare il proprio consenso per le finalit\u00e0 di trattamento che lo richiedono, ferma restando la liceit\u00e0 del trattamento effettuato fino alla revoca. Infine, hanno il diritto di proporre reclamo all&#8217;autorit\u00e0 di controllo competente in materia, vale a dire il Garante per la protezione dei dati personali.<\/p>\r\n\r\n<p>Per maggiori dettagli si rimanda alle informative predisposte per particolari servizi.<\/p>\r\n[\/vc_column_text][\/vc_column][\/vc_row]","protected":false},"excerpt":{"rendered":"<p>[vc_row type=&#8221;in_container&#8221; full_screen_row_position=&#8221;middle&#8221; column_margin=&#8221;default&#8221; column_direction=&#8221;default&#8221; column_direction_tablet=&#8221;default&#8221; column_direction_phone=&#8221;default&#8221; scene_position=&#8221;center&#8221; bottom_padding=&#8221;15%&#8221; text_color=&#8221;dark&#8221; text_align=&#8221;left&#8221; row_border_radius=&#8221;none&#8221; row_border_radius_applies=&#8221;bg&#8221; overflow=&#8221;visible&#8221; overlay_strength=&#8221;0.3&#8243; gradient_direction=&#8221;left_to_right&#8221; shape_divider_position=&#8221;bottom&#8221; bg_image_animation=&#8221;none&#8221; gradient_type=&#8221;default&#8221; shape_type=&#8221;&#8221;][vc_column column_padding=&#8221;no-extra-padding&#8221; column_padding_tablet=&#8221;inherit&#8221; column_padding_phone=&#8221;inherit&#8221; column_padding_position=&#8221;all&#8221; column_element_direction_desktop=&#8221;default&#8221; column_element_spacing=&#8221;default&#8221; desktop_text_alignment=&#8221;default&#8221; tablet_text_alignment=&#8221;default&#8221; phone_text_alignment=&#8221;default&#8221; background_color_opacity=&#8221;1&#8243;&#8230;<\/p>\n","protected":false},"author":1,"featured_media":0,"parent":0,"menu_order":0,"comment_status":"closed","ping_status":"open","template":"","meta":{"footnotes":""},"class_list":["post-3","page","type-page","status-publish"],"yoast_head":"<!-- This site is optimized with the Yoast SEO plugin v27.5 - https:\/\/yoast.com\/product\/yoast-seo-wordpress\/ -->\n<title>Privacy Policy - Play Around<\/title>\n<meta name=\"robots\" content=\"index, follow, max-snippet:-1, max-image-preview:large, max-video-preview:-1\" \/>\n<link rel=\"canonical\" href=\"https:\/\/www.play-around.it\/privacy-policy\/\" \/>\n<meta property=\"og:locale\" content=\"it_IT\" \/>\n<meta property=\"og:type\" content=\"article\" \/>\n<meta property=\"og:title\" content=\"Privacy Policy - Play Around\" \/>\n<meta property=\"og:description\" content=\"[vc_row type=&#8221;in_container&#8221; full_screen_row_position=&#8221;middle&#8221; column_margin=&#8221;default&#8221; column_direction=&#8221;default&#8221; column_direction_tablet=&#8221;default&#8221; column_direction_phone=&#8221;default&#8221; scene_position=&#8221;center&#8221; bottom_padding=&#8221;15%&#8221; text_color=&#8221;dark&#8221; text_align=&#8221;left&#8221; row_border_radius=&#8221;none&#8221; row_border_radius_applies=&#8221;bg&#8221; overflow=&#8221;visible&#8221; overlay_strength=&#8221;0.3&#8243; gradient_direction=&#8221;left_to_right&#8221; shape_divider_position=&#8221;bottom&#8221; bg_image_animation=&#8221;none&#8221; gradient_type=&#8221;default&#8221; shape_type=&#8221;&#8221;][vc_column column_padding=&#8221;no-extra-padding&#8221; column_padding_tablet=&#8221;inherit&#8221; column_padding_phone=&#8221;inherit&#8221; column_padding_position=&#8221;all&#8221; column_element_direction_desktop=&#8221;default&#8221; column_element_spacing=&#8221;default&#8221; desktop_text_alignment=&#8221;default&#8221; tablet_text_alignment=&#8221;default&#8221; phone_text_alignment=&#8221;default&#8221; background_color_opacity=&#8221;1&#8243;...\" \/>\n<meta property=\"og:url\" content=\"https:\/\/www.play-around.it\/privacy-policy\/\" \/>\n<meta property=\"og:site_name\" content=\"Play Around\" \/>\n<meta property=\"article:modified_time\" content=\"2023-05-29T15:49:16+00:00\" \/>\n<meta name=\"twitter:card\" content=\"summary_large_image\" \/>\n<meta name=\"twitter:label1\" content=\"Tempo di lettura stimato\" \/>\n\t<meta name=\"twitter:data1\" content=\"5 minuti\" \/>\n<script type=\"application\/ld+json\" class=\"yoast-schema-graph\">{\"@context\":\"https:\\\/\\\/schema.org\",\"@graph\":[{\"@type\":\"WebPage\",\"@id\":\"https:\\\/\\\/www.play-around.it\\\/privacy-policy\\\/\",\"url\":\"https:\\\/\\\/www.play-around.it\\\/privacy-policy\\\/\",\"name\":\"Privacy Policy - Play Around\",\"isPartOf\":{\"@id\":\"https:\\\/\\\/www.play-around.it\\\/#website\"},\"datePublished\":\"2023-05-15T07:41:40+00:00\",\"dateModified\":\"2023-05-29T15:49:16+00:00\",\"breadcrumb\":{\"@id\":\"https:\\\/\\\/www.play-around.it\\\/privacy-policy\\\/#breadcrumb\"},\"inLanguage\":\"it-IT\",\"potentialAction\":[{\"@type\":\"ReadAction\",\"target\":[\"https:\\\/\\\/www.play-around.it\\\/privacy-policy\\\/\"]}]},{\"@type\":\"BreadcrumbList\",\"@id\":\"https:\\\/\\\/www.play-around.it\\\/privacy-policy\\\/#breadcrumb\",\"itemListElement\":[{\"@type\":\"ListItem\",\"position\":1,\"name\":\"Home\",\"item\":\"https:\\\/\\\/www.play-around.it\\\/\"},{\"@type\":\"ListItem\",\"position\":2,\"name\":\"Privacy Policy\"}]},{\"@type\":\"WebSite\",\"@id\":\"https:\\\/\\\/www.play-around.it\\\/#website\",\"url\":\"https:\\\/\\\/www.play-around.it\\\/\",\"name\":\"Play Around\",\"description\":\"\",\"potentialAction\":[{\"@type\":\"SearchAction\",\"target\":{\"@type\":\"EntryPoint\",\"urlTemplate\":\"https:\\\/\\\/www.play-around.it\\\/?s={search_term_string}\"},\"query-input\":{\"@type\":\"PropertyValueSpecification\",\"valueRequired\":true,\"valueName\":\"search_term_string\"}}],\"inLanguage\":\"it-IT\"}]}<\/script>\n<!-- \/ Yoast SEO plugin. -->","yoast_head_json":{"title":"Privacy Policy - Play Around","robots":{"index":"index","follow":"follow","max-snippet":"max-snippet:-1","max-image-preview":"max-image-preview:large","max-video-preview":"max-video-preview:-1"},"canonical":"https:\/\/www.play-around.it\/privacy-policy\/","og_locale":"it_IT","og_type":"article","og_title":"Privacy Policy - Play Around","og_description":"[vc_row type=&#8221;in_container&#8221; full_screen_row_position=&#8221;middle&#8221; column_margin=&#8221;default&#8221; column_direction=&#8221;default&#8221; column_direction_tablet=&#8221;default&#8221; column_direction_phone=&#8221;default&#8221; scene_position=&#8221;center&#8221; bottom_padding=&#8221;15%&#8221; text_color=&#8221;dark&#8221; text_align=&#8221;left&#8221; row_border_radius=&#8221;none&#8221; row_border_radius_applies=&#8221;bg&#8221; overflow=&#8221;visible&#8221; overlay_strength=&#8221;0.3&#8243; gradient_direction=&#8221;left_to_right&#8221; shape_divider_position=&#8221;bottom&#8221; bg_image_animation=&#8221;none&#8221; gradient_type=&#8221;default&#8221; shape_type=&#8221;&#8221;][vc_column column_padding=&#8221;no-extra-padding&#8221; column_padding_tablet=&#8221;inherit&#8221; column_padding_phone=&#8221;inherit&#8221; column_padding_position=&#8221;all&#8221; column_element_direction_desktop=&#8221;default&#8221; column_element_spacing=&#8221;default&#8221; desktop_text_alignment=&#8221;default&#8221; tablet_text_alignment=&#8221;default&#8221; phone_text_alignment=&#8221;default&#8221; background_color_opacity=&#8221;1&#8243;...","og_url":"https:\/\/www.play-around.it\/privacy-policy\/","og_site_name":"Play Around","article_modified_time":"2023-05-29T15:49:16+00:00","twitter_card":"summary_large_image","twitter_misc":{"Tempo di lettura stimato":"5 minuti"},"schema":{"@context":"https:\/\/schema.org","@graph":[{"@type":"WebPage","@id":"https:\/\/www.play-around.it\/privacy-policy\/","url":"https:\/\/www.play-around.it\/privacy-policy\/","name":"Privacy Policy - Play Around","isPartOf":{"@id":"https:\/\/www.play-around.it\/#website"},"datePublished":"2023-05-15T07:41:40+00:00","dateModified":"2023-05-29T15:49:16+00:00","breadcrumb":{"@id":"https:\/\/www.play-around.it\/privacy-policy\/#breadcrumb"},"inLanguage":"it-IT","potentialAction":[{"@type":"ReadAction","target":["https:\/\/www.play-around.it\/privacy-policy\/"]}]},{"@type":"BreadcrumbList","@id":"https:\/\/www.play-around.it\/privacy-policy\/#breadcrumb","itemListElement":[{"@type":"ListItem","position":1,"name":"Home","item":"https:\/\/www.play-around.it\/"},{"@type":"ListItem","position":2,"name":"Privacy Policy"}]},{"@type":"WebSite","@id":"https:\/\/www.play-around.it\/#website","url":"https:\/\/www.play-around.it\/","name":"Play Around","description":"","potentialAction":[{"@type":"SearchAction","target":{"@type":"EntryPoint","urlTemplate":"https:\/\/www.play-around.it\/?s={search_term_string}"},"query-input":{"@type":"PropertyValueSpecification","valueRequired":true,"valueName":"search_term_string"}}],"inLanguage":"it-IT"}]}},"_links":{"self":[{"href":"https:\/\/www.play-around.it\/it\/wp-json\/wp\/v2\/pages\/3","targetHints":{"allow":["GET"]}}],"collection":[{"href":"https:\/\/www.play-around.it\/it\/wp-json\/wp\/v2\/pages"}],"about":[{"href":"https:\/\/www.play-around.it\/it\/wp-json\/wp\/v2\/types\/page"}],"author":[{"embeddable":true,"href":"https:\/\/www.play-around.it\/it\/wp-json\/wp\/v2\/users\/1"}],"replies":[{"embeddable":true,"href":"https:\/\/www.play-around.it\/it\/wp-json\/wp\/v2\/comments?post=3"}],"version-history":[{"count":3,"href":"https:\/\/www.play-around.it\/it\/wp-json\/wp\/v2\/pages\/3\/revisions"}],"predecessor-version":[{"id":769,"href":"https:\/\/www.play-around.it\/it\/wp-json\/wp\/v2\/pages\/3\/revisions\/769"}],"wp:attachment":[{"href":"https:\/\/www.play-around.it\/it\/wp-json\/wp\/v2\/media?parent=3"}],"curies":[{"name":"wp","href":"https:\/\/api.w.org\/{rel}","templated":true}]}}